{"id":9,"date":"2025-12-05T06:31:23","date_gmt":"2025-12-05T06:31:23","guid":{"rendered":"https:\/\/kaylanmetsastysseura.fi\/?page_id=9"},"modified":"2026-03-12T11:09:11","modified_gmt":"2026-03-12T11:09:11","slug":"etusivu","status":"publish","type":"page","link":"https:\/\/kaylanmetsastysseura.fi\/","title":{"rendered":"Etusivu"},"content":{"rendered":"\t\t<div data-elementor-type=\"wp-page\" data-elementor-id=\"9\" class=\"elementor elementor-9\">\n\t\t\t\t<div class=\"elementor-element elementor-element-8d19b02 e-flex e-con-boxed wpr-particle-no wpr-jarallax-no wpr-parallax-no wpr-sticky-section-no e-con e-parent\" data-id=\"8d19b02\" data-element_type=\"container\" data-e-type=\"container\" data-settings=\"{&quot;background_background&quot;:&quot;slideshow&quot;,&quot;background_slideshow_gallery&quot;:[{&quot;id&quot;:602,&quot;url&quot;:&quot;https:\\\/\\\/kaylanmetsastysseura.fi\\\/wp-content\\\/uploads\\\/2026\\\/03\\\/Kettu1-MS-scaled.jpg&quot;},{&quot;id&quot;:599,&quot;url&quot;:&quot;https:\\\/\\\/kaylanmetsastysseura.fi\\\/wp-content\\\/uploads\\\/2026\\\/01\\\/Teeri3-MS-scaled.jpg&quot;},{&quot;id&quot;:618,&quot;url&quot;:&quot;https:\\\/\\\/kaylanmetsastysseura.fi\\\/wp-content\\\/uploads\\\/2026\\\/01\\\/Hirvi1-MS-scaled.jpg&quot;},{&quot;id&quot;:615,&quot;url&quot;:&quot;https:\\\/\\\/kaylanmetsastysseura.fi\\\/wp-content\\\/uploads\\\/2026\\\/01\\\/Tavi1-MS-scaled.jpg&quot;}],&quot;background_slideshow_slide_duration&quot;:4000,&quot;background_slideshow_transition_duration&quot;:1000,&quot;background_slideshow_ken_burns&quot;:&quot;yes&quot;,&quot;background_slideshow_loop&quot;:&quot;yes&quot;,&quot;background_slideshow_slide_transition&quot;:&quot;fade&quot;,&quot;background_slideshow_ken_burns_zoom_direction&quot;:&quot;in&quot;}\">\n\t\t\t\t\t<div class=\"e-con-inner\">\n\t\t\t\t\t<\/div>\n\t\t\t\t<\/div>\n\t\t<div class=\"elementor-element elementor-element-9abf5da e-flex e-con-boxed wpr-particle-no wpr-jarallax-no wpr-parallax-no wpr-sticky-section-no e-con e-parent\" data-id=\"9abf5da\" data-element_type=\"container\" data-e-type=\"container\">\n\t\t\t\t\t<div class=\"e-con-inner\">\n\t\t\t\t<div class=\"elementor-element elementor-element-7903360 elementor-widget elementor-widget-heading\" data-id=\"7903360\" data-element_type=\"widget\" data-e-type=\"widget\" data-widget_type=\"heading.default\">\n\t\t\t\t\t<h1 class=\"elementor-heading-title elementor-size-default\">Tervatuloa K\u00e4yl\u00e4n seudun mets\u00e4stysseura ry:n kotisivulle<\/h1>\t\t\t\t<\/div>\n\t\t\t\t<div class=\"elementor-element elementor-element-749d47c elementor-widget elementor-widget-heading\" data-id=\"749d47c\" data-element_type=\"widget\" data-e-type=\"widget\" data-widget_type=\"heading.default\">\n\t\t\t\t\t<h6 class=\"elementor-heading-title elementor-size-default\">K\u00e4yl\u00e4n seudun mets\u00e4stysseura sijaitsee Koillismaalla Rukan l\u00e4hell\u00e4. Seura on <br><br>perustettu 14.9.1979 ja seuraan kuuluu t\u00e4ll\u00e4 hetkell\u00e4 110 j\u00e4sent\u00e4. Seura harjoittaa<br><br> mets\u00e4stys- ja kalastustoimintaa ja tekee riistanhoidollisia t\u00f6it\u00e4.<\/h6>\t\t\t\t<\/div>\n\t\t\t\t\t<\/div>\n\t\t\t\t<\/div>\n\t\t<div class=\"elementor-element elementor-element-606e619 e-flex e-con-boxed wpr-particle-no wpr-jarallax-no wpr-parallax-no wpr-sticky-section-no e-con e-parent\" data-id=\"606e619\" data-element_type=\"container\" data-e-type=\"container\">\n\t\t\t\t\t<div class=\"e-con-inner\">\n\t\t\t\t<div class=\"elementor-element elementor-element-672459a elementor-widget elementor-widget-heading\" data-id=\"672459a\" data-element_type=\"widget\" data-e-type=\"widget\" data-widget_type=\"heading.default\">\n\t\t\t\t\t<p class=\"elementor-heading-title elementor-size-default\">Julkaistu 28.5.2020 kategoriassa Yleinen, kirjoittanut Jari Kokko.<\/p>\t\t\t\t<\/div>\n\t\t\t\t\t<\/div>\n\t\t\t\t<\/div>\n\t\t<div class=\"elementor-element elementor-element-82d4d6e e-flex e-con-boxed wpr-particle-no wpr-jarallax-no wpr-parallax-no wpr-sticky-section-no e-con e-parent\" data-id=\"82d4d6e\" data-element_type=\"container\" data-e-type=\"container\">\n\t\t\t\t\t<div class=\"e-con-inner\">\n\t\t\t\t<div class=\"elementor-element elementor-element-e1ba662 elementor-widget-divider--view-line elementor-widget elementor-widget-divider\" data-id=\"e1ba662\" data-element_type=\"widget\" data-e-type=\"widget\" data-widget_type=\"divider.default\">\n\t\t\t\t\t\t\t<div class=\"elementor-divider\">\n\t\t\t<span class=\"elementor-divider-separator\">\n\t\t\t\t\t\t<\/span>\n\t\t<\/div>\n\t\t\t\t\t\t<\/div>\n\t\t\t\t\t<\/div>\n\t\t\t\t<\/div>\n\t\t<div class=\"elementor-element elementor-element-1d43cb6 e-flex e-con-boxed wpr-particle-no wpr-jarallax-no wpr-parallax-no wpr-sticky-section-no e-con e-parent\" data-id=\"1d43cb6\" data-element_type=\"container\" data-e-type=\"container\">\n\t\t\t\t\t<div class=\"e-con-inner\">\n\t\t\t\t<div class=\"elementor-element elementor-element-99eefcf elementor-widget elementor-widget-heading\" data-id=\"99eefcf\" data-element_type=\"widget\" data-e-type=\"widget\" data-widget_type=\"heading.default\">\n\t\t\t\t\t<h6 class=\"elementor-heading-title elementor-size-default\">K\u00c4YL\u00c4N SEUDUN METS\u00c4STYSSEURA RY kutsuu seuralle maansa vuokranneet, j\u00e4senet ja <br><br> kyl\u00e4l\u00e4iset perheineen HIRVIKEITOLLE SU 16.11.2025 klo 12 \u2013 15 <br><br>Korpihoville.\n\nArpajaiset palkintona mm. hirvenlihaa. Hirvenlihan voittajille <br><br>ilmoitetaan\/toimitetaan voitot. Muut palkinnot uudelleen arvontaan, mik\u00e4li voittaja ei ole paikalla.\n\n<br><br>\nArvonta klo 14.30.\n<br><br>\nTervetuloa!\n<br><br>\nHirviporukka<\/h6>\t\t\t\t<\/div>\n\t\t\t\t\t<\/div>\n\t\t\t\t<\/div>\n\t\t<div class=\"elementor-element elementor-element-835c618 e-flex e-con-boxed wpr-particle-no wpr-jarallax-no wpr-parallax-no wpr-sticky-section-no e-con e-parent\" data-id=\"835c618\" data-element_type=\"container\" data-e-type=\"container\">\n\t\t\t\t\t<div class=\"e-con-inner\">\n\t\t\t\t<div class=\"elementor-element elementor-element-2bdcc57 elementor-widget elementor-widget-heading\" data-id=\"2bdcc57\" data-element_type=\"widget\" data-e-type=\"widget\" data-widget_type=\"heading.default\">\n\t\t\t\t\t<p class=\"elementor-heading-title elementor-size-default\">Julkaistu 3.11.2025 kategoriassa Yleinen, kirjoittanut Juha Tervo.<\/p>\t\t\t\t<\/div>\n\t\t\t\t\t<\/div>\n\t\t\t\t<\/div>\n\t\t<div class=\"elementor-element elementor-element-e1bc91b e-flex e-con-boxed wpr-particle-no wpr-jarallax-no wpr-parallax-no wpr-sticky-section-no e-con e-parent\" data-id=\"e1bc91b\" data-element_type=\"container\" data-e-type=\"container\">\n\t\t\t\t\t<div class=\"e-con-inner\">\n\t\t\t\t<div class=\"elementor-element elementor-element-ea6aa35 elementor-widget-divider--view-line elementor-widget elementor-widget-divider\" data-id=\"ea6aa35\" data-element_type=\"widget\" data-e-type=\"widget\" data-widget_type=\"divider.default\">\n\t\t\t\t\t\t\t<div class=\"elementor-divider\">\n\t\t\t<span class=\"elementor-divider-separator\">\n\t\t\t\t\t\t<\/span>\n\t\t<\/div>\n\t\t\t\t\t\t<\/div>\n\t\t\t\t\t<\/div>\n\t\t\t\t<\/div>\n\t\t<div class=\"elementor-element elementor-element-78d98e4 e-flex e-con-boxed wpr-particle-no wpr-jarallax-no wpr-parallax-no wpr-sticky-section-no e-con e-parent\" data-id=\"78d98e4\" data-element_type=\"container\" data-e-type=\"container\">\n\t\t\t\t\t<div class=\"e-con-inner\">\n\t\t\t\t<div class=\"elementor-element elementor-element-dd3cc31 elementor-grid-eael-col-1 elementor-grid-tablet-eael-col-2 elementor-grid-mobile-eael-col-1 elementor-widget elementor-widget-eael-post-grid\" data-id=\"dd3cc31\" data-element_type=\"widget\" data-e-type=\"widget\" data-settings=\"{&quot;eael_post_grid_columns&quot;:&quot;eael-col-1&quot;,&quot;eael_post_grid_columns_tablet&quot;:&quot;eael-col-2&quot;,&quot;eael_post_grid_columns_mobile&quot;:&quot;eael-col-1&quot;}\" data-widget_type=\"eael-post-grid.default\">\n\t\t\t\t\t<div id=\"eael-post-grid-dd3cc31\" class=\"eael-post-grid-container\">\n            <div class=\"eael-post-grid eael-post-appender eael-post-appender-dd3cc31 eael-post-grid-style-two\" data-layout-mode=\"\"><article class=\"eael-grid-post  eael-post-grid-column eael-pg-post-847 category-active-ads\" data-id=\"847\">\n    <div class=\"eael-grid-post-holder\">\n        <div class=\"eael-grid-post-holder-inner\"><div class=\"eael-entry-wrapper\"><header class=\"eael-entry-header\"><h2 class=\"eael-entry-title\"><a class=\"eael-grid-post-link\" href=\"https:\/\/kaylanmetsastysseura.fi\/index.php\/2026\/03\/12\/oma-riista-kaytto-vaatii-metsastajanumeron-ilmoittamisen\/\" title=\"Oma Riista k\u00e4ytt\u00f6 vaatii mets\u00e4st\u00e4j\u00e4numeron ilmoittamisen!\">Oma Riista k\u00e4ytt\u00f6 vaatii mets\u00e4st\u00e4j\u00e4numeron ilmoittamisen!<\/a><\/h2><\/header><div class=\"eael-entry-content\">\n                                <div class=\"eael-grid-post-excerpt\"><p>Seuran j\u00e4sen, imoitathan mets\u00e4st\u00e4j\u00e4numerosi...<\/p><a href=\"https:\/\/kaylanmetsastysseura.fi\/index.php\/2026\/03\/12\/oma-riista-kaytto-vaatii-metsastajanumeron-ilmoittamisen\/\" class=\"eael-post-elements-readmore-btn\">Read More<\/a><\/div>\n                            <\/div><div class=\"eael-entry-header-after style-two\"><div class=\"eael-entry-meta\"><span class=\"eael-meta-posted-on\"><i class=\"far fa-clock\"><\/i><time datetime=\"March 12, 2026\">March 12, 2026<\/time><\/span><\/div><\/div><\/div><\/div>\n    <\/div>\n<\/article><article class=\"eael-grid-post  eael-post-grid-column eael-pg-post-844 category-active-ads\" data-id=\"844\">\n    <div class=\"eael-grid-post-holder\">\n        <div class=\"eael-grid-post-holder-inner\"><div class=\"eael-entry-wrapper\"><header class=\"eael-entry-header\"><h2 class=\"eael-entry-title\"><a class=\"eael-grid-post-link\" href=\"https:\/\/kaylanmetsastysseura.fi\/index.php\/2026\/03\/12\/kesakokous-18-8-2023-klo-18\/\" title=\"Kes\u00e4kokous 18.8.2023 klo 18\">Kes\u00e4kokous 18.8.2023 klo 18<\/a><\/h2><\/header><div class=\"eael-entry-content\">\n                                <div class=\"eael-grid-post-excerpt\"><p>Mets\u00e4stysseuran kes\u00e4kokous hirviliiterill\u00e4 pe...<\/p><a href=\"https:\/\/kaylanmetsastysseura.fi\/index.php\/2026\/03\/12\/kesakokous-18-8-2023-klo-18\/\" class=\"eael-post-elements-readmore-btn\">Read More<\/a><\/div>\n                            <\/div><div class=\"eael-entry-header-after style-two\"><div class=\"eael-entry-meta\"><span class=\"eael-meta-posted-on\"><i class=\"far fa-clock\"><\/i><time datetime=\"March 12, 2026\">March 12, 2026<\/time><\/span><\/div><\/div><\/div><\/div>\n    <\/div>\n<\/article><article class=\"eael-grid-post  eael-post-grid-column eael-pg-post-842 category-active-ads\" data-id=\"842\">\n    <div class=\"eael-grid-post-holder\">\n        <div class=\"eael-grid-post-holder-inner\"><div class=\"eael-entry-wrapper\"><header class=\"eael-entry-header\"><h2 class=\"eael-entry-title\"><a class=\"eael-grid-post-link\" href=\"https:\/\/kaylanmetsastysseura.fi\/index.php\/2026\/03\/12\/hirvikeitolle-19-11-2023-klo-12-15\/\" title=\"Hirvikeitolle 19.11.2023 klo 12-15\">Hirvikeitolle 19.11.2023 klo 12-15<\/a><\/h2><\/header><div class=\"eael-entry-content\">\n                                <div class=\"eael-grid-post-excerpt\"><p>Arto Tiermaksen arpajaisiin lahjoittamat...<\/p><a href=\"https:\/\/kaylanmetsastysseura.fi\/index.php\/2026\/03\/12\/hirvikeitolle-19-11-2023-klo-12-15\/\" class=\"eael-post-elements-readmore-btn\">Read More<\/a><\/div>\n                            <\/div><div class=\"eael-entry-header-after style-two\"><div class=\"eael-entry-meta\"><span class=\"eael-meta-posted-on\"><i class=\"far fa-clock\"><\/i><time datetime=\"March 12, 2026\">March 12, 2026<\/time><\/span><\/div><\/div><\/div><\/div>\n    <\/div>\n<\/article><\/div>\n            <div class=\"clearfix\"><\/div>\n        <\/div>            <div class=\"eael-load-more-button-wrap\">\n                <button class=\"eael-load-more-button\" id=\"eael-load-more-btn-dd3cc31\" data-widget-id=\"dd3cc31\" data-widget=\"dd3cc31\" data-page-id=\"9\" data-template=\"{&quot;dir&quot;:&quot;lite&quot;,&quot;file_name&quot;:&quot;two.php&quot;,&quot;name&quot;:&quot;Post-Grid&quot;}\" data-class=\"Essential_Addons_Elementor\\Elements\\Post_Grid\" data-layout=\"\" data-page=\"1\" data-args=\"orderby=date&amp;order=desc&amp;ignore_sticky_posts=1&amp;post_status=publish&amp;posts_per_page=3&amp;offset=0&amp;post_type=post\" data-max-page=\"8\">\n                    <span class=\"eael-btn-loader button__loader\"><\/span>\n                    <span class=\"eael_load_more_text\">Load More<\/span>\n                <\/button>\n            <\/div>\n            \t\t\t\t<\/div>\n\t\t\t\t\t<\/div>\n\t\t\t\t<\/div>\n\t\t\t\t<\/div>\n\t\t","protected":false},"excerpt":{"rendered":"<p>Tervatuloa K\u00e4yl\u00e4n seudun mets\u00e4stysseura ry:n kotisivulle K\u00e4yl\u00e4n seudun mets\u00e4stysseura sijaitsee Koillismaalla Rukan l\u00e4hell\u00e4. Seura on perustettu 14.9.1979 ja seuraan kuuluu t\u00e4ll\u00e4 hetkell\u00e4 110 j\u00e4sent\u00e4. Seura harjoittaa mets\u00e4stys- ja kalastustoimintaa ja tekee riistanhoidollisia t\u00f6it\u00e4. Julkaistu 28.5.2020 kategoriassa Yleinen, kirjoittanut Jari Kokko. K\u00c4YL\u00c4N SEUDUN METS\u00c4STYSSEURA RY kutsuu seuralle maansa vuokranneet, j\u00e4senet ja kyl\u00e4l\u00e4iset perheineen HIRVIKEITOLLE SU 16.11.2025 klo 12 \u2013 15 Korpihoville. Arpajaiset palkintona mm. hirvenlihaa. Hirvenlihan voittajille ilmoitetaan\/toimitetaan voitot. Muut palkinnot uudelleen arvontaan, mik\u00e4li voittaja ei ole paikalla. Arvonta klo 14.30. Tervetuloa! Hirviporukka Julkaistu 3.11.2025 kategoriassa Yleinen, kirjoittanut Juha Tervo. Oma Riista k\u00e4ytt\u00f6 vaatii mets\u00e4st\u00e4j\u00e4numeron ilmoittamisen! Seuran j\u00e4sen, imoitathan mets\u00e4st\u00e4j\u00e4numerosi&#8230; Read More March 12, 2026 Kes\u00e4kokous 18.8.2023 klo 18 Mets\u00e4stysseuran kes\u00e4kokous hirviliiterill\u00e4 pe&#8230; Read More March 12, 2026 Hirvikeitolle 19.11.2023 klo 12-15 Arto Tiermaksen arpajaisiin lahjoittamat&#8230; Read More March 12, 2026 Load More<\/p>\n","protected":false},"author":2,"featured_media":0,"parent":0,"menu_order":0,"comment_status":"closed","ping_status":"closed","template":"","meta":{"_eb_attr":"","footnotes":""},"class_list":["post-9","page","type-page","status-publish","hentry"],"blocksy_meta":[],"publishpress_future_action":{"enabled":false,"date":"2026-05-18 11:17:57","action":"change-status","newStatus":"draft","terms":[],"taxonomy":"","extraData":[]},"publishpress_future_workflow_manual_trigger":{"enabledWorkflows":[]},"_links":{"self":[{"href":"https:\/\/kaylanmetsastysseura.fi\/index.php\/wp-json\/wp\/v2\/pages\/9","targetHints":{"allow":["GET"]}}],"collection":[{"href":"https:\/\/kaylanmetsastysseura.fi\/index.php\/wp-json\/wp\/v2\/pages"}],"about":[{"href":"https:\/\/kaylanmetsastysseura.fi\/index.php\/wp-json\/wp\/v2\/types\/page"}],"author":[{"embeddable":true,"href":"https:\/\/kaylanmetsastysseura.fi\/index.php\/wp-json\/wp\/v2\/users\/2"}],"replies":[{"embeddable":true,"href":"https:\/\/kaylanmetsastysseura.fi\/index.php\/wp-json\/wp\/v2\/comments?post=9"}],"version-history":[{"count":136,"href":"https:\/\/kaylanmetsastysseura.fi\/index.php\/wp-json\/wp\/v2\/pages\/9\/revisions"}],"predecessor-version":[{"id":858,"href":"https:\/\/kaylanmetsastysseura.fi\/index.php\/wp-json\/wp\/v2\/pages\/9\/revisions\/858"}],"wp:attachment":[{"href":"https:\/\/kaylanmetsastysseura.fi\/index.php\/wp-json\/wp\/v2\/media?parent=9"}],"curies":[{"name":"wp","href":"https:\/\/api.w.org\/{rel}","templated":true}]}}