{"id":54,"date":"2025-12-05T07:07:02","date_gmt":"2025-12-05T07:07:02","guid":{"rendered":"https:\/\/kaylanmetsastysseura.fi\/?page_id=54"},"modified":"2026-03-12T06:10:11","modified_gmt":"2026-03-12T06:10:11","slug":"yhteystiedot","status":"publish","type":"page","link":"https:\/\/kaylanmetsastysseura.fi\/index.php\/yhteystiedot\/","title":{"rendered":"Yhteystiedot"},"content":{"rendered":"\t\t<div data-elementor-type=\"wp-page\" data-elementor-id=\"54\" class=\"elementor elementor-54\">\n\t\t\t\t<div class=\"elementor-element elementor-element-c78df20 e-flex e-con-boxed wpr-particle-no wpr-jarallax-no wpr-parallax-no wpr-sticky-section-no e-con e-parent\" data-id=\"c78df20\" data-element_type=\"container\" data-e-type=\"container\">\n\t\t\t\t\t<div class=\"e-con-inner\">\n\t\t<div class=\"elementor-element elementor-element-5186083 e-con-full e-flex wpr-particle-no wpr-jarallax-no wpr-parallax-no wpr-sticky-section-no e-con e-child\" data-id=\"5186083\" data-element_type=\"container\" data-e-type=\"container\">\n\t\t<div class=\"elementor-element elementor-element-87969e8 e-grid e-con-full wpr-particle-no wpr-jarallax-no wpr-parallax-no wpr-sticky-section-no e-con e-child\" data-id=\"87969e8\" data-element_type=\"container\" data-e-type=\"container\">\n\t\t\t\t<div class=\"elementor-element elementor-element-1a800d7 elementor-widget elementor-widget-text-editor\" data-id=\"1a800d7\" data-element_type=\"widget\" data-e-type=\"widget\" data-widget_type=\"text-editor.default\">\n\t\t\t\t\t\t\t\t\t<p><strong>Seuralle tuleva posti<\/strong><\/p><p>K\u00e4yl\u00e4n Seudun Mets\u00e4stysseura ry<br \/>c\/o Juha Tervo<br \/>Noitiniementie 37<br \/>93600 Kuusamo<br \/>juha.tervo(at)evl.fi<\/p><p>\u00a0<\/p>\t\t\t\t\t\t\t\t<\/div>\n\t\t\t\t<div class=\"elementor-element elementor-element-e1ba631 elementor-widget elementor-widget-text-editor\" data-id=\"e1ba631\" data-element_type=\"widget\" data-e-type=\"widget\" data-widget_type=\"text-editor.default\">\n\t\t\t\t\t\t\t\t\t<p><strong>Johtokunnan j\u00e4senet 2026<\/strong><\/p>\n<p>Puheenjohtaja<br>Juha Tervo<br>puh.050 596 5341<\/p>\n<p>Varapuheenjohtaja<br>Juha Korhonen<\/p>\n<p>Rahastonhoitaja\/sihteeri<br>Sisko Kauttio<\/p>\t\t\t\t\t\t\t\t<\/div>\n\t\t\t\t<div class=\"elementor-element elementor-element-d05628b elementor-widget elementor-widget-text-editor\" data-id=\"d05628b\" data-element_type=\"widget\" data-e-type=\"widget\" data-widget_type=\"text-editor.default\">\n\t\t\t\t\t\t\t\t\t<p><strong>J\u00e4senet<\/strong><\/p><p>Harry Heikkil\u00e4<br \/>Juha Korhonen<br \/>Jukka Korva<br \/>Risto Korva<br \/>Valtteri Korva<br \/>Hannu Leskel\u00e4<\/p>\t\t\t\t\t\t\t\t<\/div>\n\t\t\t\t<\/div>\n\t\t\t\t<\/div>\n\t\t\t\t\t<\/div>\n\t\t\t\t<\/div>\n\t\t\t\t<\/div>\n\t\t","protected":false},"excerpt":{"rendered":"<p>Seuralle tuleva posti K\u00e4yl\u00e4n Seudun Mets\u00e4stysseura ryc\/o Juha TervoNoitiniementie 3793600 Kuusamojuha.tervo(at)evl.fi \u00a0 Johtokunnan j\u00e4senet 2026 PuheenjohtajaJuha Tervopuh.050 596 5341 VarapuheenjohtajaJuha Korhonen Rahastonhoitaja\/sihteeriSisko Kauttio J\u00e4senet Harry Heikkil\u00e4Juha KorhonenJukka KorvaRisto KorvaValtteri KorvaHannu Leskel\u00e4<\/p>\n","protected":false},"author":2,"featured_media":0,"parent":0,"menu_order":0,"comment_status":"closed","ping_status":"closed","template":"","meta":{"_eb_attr":"","footnotes":""},"class_list":["post-54","page","type-page","status-publish","hentry"],"blocksy_meta":[],"publishpress_future_action":{"enabled":false,"date":"2026-05-18 12:06:37","action":"change-status","newStatus":"draft","terms":[],"taxonomy":"","extraData":[]},"publishpress_future_workflow_manual_trigger":{"enabledWorkflows":[]},"_links":{"self":[{"href":"https:\/\/kaylanmetsastysseura.fi\/index.php\/wp-json\/wp\/v2\/pages\/54","targetHints":{"allow":["GET"]}}],"collection":[{"href":"https:\/\/kaylanmetsastysseura.fi\/index.php\/wp-json\/wp\/v2\/pages"}],"about":[{"href":"https:\/\/kaylanmetsastysseura.fi\/index.php\/wp-json\/wp\/v2\/types\/page"}],"author":[{"embeddable":true,"href":"https:\/\/kaylanmetsastysseura.fi\/index.php\/wp-json\/wp\/v2\/users\/2"}],"replies":[{"embeddable":true,"href":"https:\/\/kaylanmetsastysseura.fi\/index.php\/wp-json\/wp\/v2\/comments?post=54"}],"version-history":[{"count":13,"href":"https:\/\/kaylanmetsastysseura.fi\/index.php\/wp-json\/wp\/v2\/pages\/54\/revisions"}],"predecessor-version":[{"id":666,"href":"https:\/\/kaylanmetsastysseura.fi\/index.php\/wp-json\/wp\/v2\/pages\/54\/revisions\/666"}],"wp:attachment":[{"href":"https:\/\/kaylanmetsastysseura.fi\/index.php\/wp-json\/wp\/v2\/media?parent=54"}],"curies":[{"name":"wp","href":"https:\/\/api.w.org\/{rel}","templated":true}]}}