{"id":23,"date":"2025-12-05T06:34:29","date_gmt":"2025-12-05T06:34:29","guid":{"rendered":"https:\/\/kaylanmetsastysseura.fi\/?page_id=23"},"modified":"2026-01-26T10:01:49","modified_gmt":"2026-01-26T10:01:49","slug":"jasenhakemus","status":"publish","type":"page","link":"https:\/\/kaylanmetsastysseura.fi\/index.php\/jasenhakemus\/","title":{"rendered":"J\u00e4senhakemus"},"content":{"rendered":"\t\t<div data-elementor-type=\"wp-page\" data-elementor-id=\"23\" class=\"elementor elementor-23\">\n\t\t\t\t<div class=\"elementor-element elementor-element-351bf4f e-flex e-con-boxed wpr-particle-no wpr-jarallax-no wpr-parallax-no wpr-sticky-section-no elementor-invisible e-con e-parent\" data-id=\"351bf4f\" data-element_type=\"container\" data-e-type=\"container\" data-settings=\"{&quot;background_background&quot;:&quot;classic&quot;,&quot;animation&quot;:&quot;fadeIn&quot;}\">\n\t\t\t\t\t<div class=\"e-con-inner\">\n\t\t<div class=\"elementor-element elementor-element-495f86a e-con-full e-flex wpr-particle-no wpr-jarallax-no wpr-parallax-no wpr-sticky-section-no e-con e-child\" data-id=\"495f86a\" data-element_type=\"container\" data-e-type=\"container\" data-settings=\"{&quot;background_background&quot;:&quot;classic&quot;}\">\n\t\t\t\t<div class=\"elementor-element elementor-element-2c2f39e elementor-widget elementor-widget-shortcode\" data-id=\"2c2f39e\" data-element_type=\"widget\" data-e-type=\"widget\" data-widget_type=\"shortcode.default\">\n\t\t\t\t\t\t\t<div class=\"elementor-shortcode\">\n<div class=\"wpcf7 no-js\" id=\"wpcf7-f68-o1\" lang=\"en-GB\" dir=\"ltr\" data-wpcf7-id=\"68\">\n<div class=\"screen-reader-response\"><p role=\"status\" aria-live=\"polite\" aria-atomic=\"true\"><\/p> <ul><\/ul><\/div>\n<form action=\"\/index.php\/wp-json\/wp\/v2\/pages\/23#wpcf7-f68-o1\" method=\"post\" class=\"wpcf7-form init\" aria-label=\"Contact form\" enctype=\"multipart\/form-data\" novalidate=\"novalidate\" data-status=\"init\">\n<fieldset class=\"hidden-fields-container\"><input type=\"hidden\" name=\"_wpcf7\" value=\"68\" \/><input type=\"hidden\" name=\"_wpcf7_version\" value=\"6.1.5\" \/><input type=\"hidden\" name=\"_wpcf7_locale\" value=\"en_GB\" \/><input type=\"hidden\" name=\"_wpcf7_unit_tag\" value=\"wpcf7-f68-o1\" \/><input type=\"hidden\" name=\"_wpcf7_container_post\" value=\"0\" \/><input type=\"hidden\" name=\"_wpcf7_posted_data_hash\" value=\"\" \/><input type=\"hidden\" name=\"_uacf7_hidden_conditional_fields\" value=\"\" \/>\n<\/fieldset>\n<div class=\"uacf7-form-wrapper-container uacf7-form-68  \"><h3 style=\"text-align:center;\">J\u00e4senhakemus \u2013 K\u00e4yl\u00e4n Seudun Mets\u00e4stysseura ry<\/h3>\n<p style=\"text-align:center;\">Vapaamuotoiset j\u00e4senhakemukset yhteystietoineen ja perusteineen toimitetaan johtokunnalle.<\/p>\n\n<div class=\"jasenhakemus-grid\">\n\n<label>Etunimi ja sukunimi <span class=\"cf7-required\">*<\/span><\/label>\n<span class=\"wpcf7-form-control-wrap\" data-name=\"your-name\"><input size=\"40\" maxlength=\"400\" class=\"wpcf7-form-control wpcf7-text wpcf7-validates-as-required\" aria-required=\"true\" aria-invalid=\"false\" placeholder=\"Matti Meik\u00e4l\u00e4inen\" value=\"\" type=\"text\" name=\"your-name\" \/><\/span>\n\n<label>S\u00e4hk\u00f6posti <span class=\"cf7-required\">*<\/span><\/label>\n<span class=\"wpcf7-form-control-wrap\" data-name=\"your-email\"><input size=\"40\" maxlength=\"400\" class=\"wpcf7-form-control wpcf7-email wpcf7-validates-as-required wpcf7-text wpcf7-validates-as-email\" aria-required=\"true\" aria-invalid=\"false\" placeholder=\"matti.esimerkki@gmail.com\" value=\"\" type=\"email\" name=\"your-email\" \/><\/span>\n\n<label>Puhelinnumero <span class=\"cf7-required\">*<\/span><\/label>\n<span class=\"wpcf7-form-control-wrap\" data-name=\"your-phone\"><input size=\"40\" maxlength=\"400\" class=\"wpcf7-form-control wpcf7-tel wpcf7-validates-as-required wpcf7-text wpcf7-validates-as-tel\" aria-required=\"true\" aria-invalid=\"false\" placeholder=\"040 123 4567\" value=\"\" type=\"tel\" name=\"your-phone\" \/><\/span>\n\n<label>Osoite <span class=\"cf7-required\">*<\/span><\/label>\n<span class=\"wpcf7-form-control-wrap\" data-name=\"your-address\"><input size=\"40\" maxlength=\"400\" class=\"wpcf7-form-control wpcf7-text wpcf7-validates-as-required\" aria-required=\"true\" aria-invalid=\"false\" placeholder=\"Esimerkkitie 12\" value=\"\" type=\"text\" name=\"your-address\" \/><\/span>\n\n<label>Postinumero ja postitoimipaikka <span class=\"cf7-required\">*<\/span><\/label>\n<span class=\"wpcf7-form-control-wrap\" data-name=\"your-postal\"><input size=\"40\" maxlength=\"400\" class=\"wpcf7-form-control wpcf7-text wpcf7-validates-as-required\" aria-required=\"true\" aria-invalid=\"false\" placeholder=\"95500 TORNIO\" value=\"\" type=\"text\" name=\"your-postal\" \/><\/span>\n\n<label>Syntym\u00e4aika (pp.kk.vvvv) <span class=\"cf7-required\">*<\/span><\/label>\n<span class=\"wpcf7-form-control-wrap\" data-name=\"your-birthdate\"><input class=\"wpcf7-form-control wpcf7-date wpcf7-validates-as-required wpcf7-validates-as-date\" aria-required=\"true\" aria-invalid=\"false\" value=\"\" type=\"date\" name=\"your-birthdate\" \/><\/span>\n\n<label>Mets\u00e4styskortin numero <span class=\"cf7-required\">*<\/span><\/label>\n<span class=\"wpcf7-form-control-wrap\" data-name=\"hunting-card-number\"><input size=\"40\" maxlength=\"400\" class=\"wpcf7-form-control wpcf7-text wpcf7-validates-as-required\" aria-required=\"true\" aria-invalid=\"false\" placeholder=\"12345678\" value=\"\" type=\"text\" name=\"hunting-card-number\" \/><\/span>\n\n<label>Perusteet j\u00e4senyydelle <span class=\"cf7-required\">*<\/span><\/label>\n<span class=\"wpcf7-form-control-wrap\" data-name=\"membership-reason\"><textarea cols=\"40\" rows=\"8\" maxlength=\"2000\" class=\"wpcf7-form-control wpcf7-textarea wpcf7-validates-as-required\" aria-required=\"true\" aria-invalid=\"false\" placeholder=\"Kuvaile tarkasti, mill\u00e4 perusteella haet j\u00e4senyytt\u00e4...\" name=\"membership-reason\"><\/textarea><\/span>\n\n<label>Liitteet (pdf, jpg, png \u2013 max 10 Mt)<\/label>\n<span class=\"wpcf7-form-control-wrap\" data-name=\"attachments\"><input size=\"40\" class=\"wpcf7-form-control wpcf7-file wpcf7-validates-as-required\" accept=\".pdf,.jpg,.jpeg,.png\" aria-required=\"true\" aria-invalid=\"false\" type=\"file\" name=\"attachments\" \/><\/span>\n\n<label>Lis\u00e4tiedot (esim. suosittelija, entiset seurat tms.)<\/label>\n<span class=\"wpcf7-form-control-wrap\" data-name=\"additional-info\"><textarea cols=\"40\" rows=\"6\" maxlength=\"2000\" class=\"wpcf7-form-control wpcf7-textarea\" aria-invalid=\"false\" placeholder=\"T\u00e4h\u00e4n voit kirjoittaa vapaasti lis\u00e4tietoja...\" name=\"additional-info\"><\/textarea><\/span>\n\n<p style=\"font-weight:bold; margin-top:20px;\">\n<span class=\"wpcf7-form-control-wrap\" data-name=\"acceptance-rules\"><span class=\"wpcf7-form-control wpcf7-acceptance\"><span class=\"wpcf7-list-item\"><label><input type=\"checkbox\" name=\"acceptance-rules\" value=\"1\" aria-invalid=\"false\" \/><span class=\"wpcf7-list-item-label\">Kyll\u00e4, sitoudun noudattamaan K\u00e4yl\u00e4n Seudun Mets\u00e4stysseura ry:n sek\u00e4 SML:n Lapin piiri ry:n, SKKL:n Lapin Kalamiespiirin, Suomen Mets\u00e4stysmuseoyhdistyksen ja Lapin Riistanhoitopiirin s\u00e4\u00e4nt\u00f6j\u00e4 ja p\u00e4\u00e4t\u00f6ksi\u00e4. <span class=\"cf7-required\">*<\/span><\/span><\/label><\/span><\/span><\/span>\n<\/p>\n\n<div style=\"text-align:center; margin:30px 0;\">\n<input class=\"wpcf7-form-control wpcf7-submit has-spinner\" type=\"submit\" value=\"L\u00e4het\u00e4 j\u00e4senhakemus\" \/>\n<\/div>\n\n<\/div><\/div><div class=\"wpcf7-response-output\" aria-hidden=\"true\"><\/div>\n<\/form>\n<\/div>\n<\/div>\n\t\t\t\t\t\t<\/div>\n\t\t\t\t<\/div>\n\t\t\t\t\t<\/div>\n\t\t\t\t<\/div>\n\t\t<div class=\"elementor-element elementor-element-6bcf9cd e-grid e-con-boxed wpr-particle-no wpr-jarallax-no wpr-parallax-no wpr-sticky-section-no e-con e-parent\" data-id=\"6bcf9cd\" data-element_type=\"container\" data-e-type=\"container\" data-settings=\"{&quot;animation&quot;:&quot;none&quot;}\">\n\t\t\t\t\t<div class=\"e-con-inner\">\n\t\t\t\t<div class=\"elementor-element elementor-element-fba2d3b elementor-widget elementor-widget-heading\" data-id=\"fba2d3b\" data-element_type=\"widget\" data-e-type=\"widget\" data-widget_type=\"heading.default\">\n\t\t\t\t\t<p class=\"elementor-heading-title elementor-size-default\">Vapaamuotoiset j\u00e4senhakemukset yhteistietoineen ja perusteineen (mill\u00e4 perusteella haetaan j\u00e4senyytt\u00e4) toimitetaan johtokunnalle.<\/p>\t\t\t\t<\/div>\n\t\t\t\t<div class=\"elementor-element elementor-element-de1aae4 elementor-widget elementor-widget-heading\" data-id=\"de1aae4\" data-element_type=\"widget\" data-e-type=\"widget\" data-widget_type=\"heading.default\">\n\t\t\t\t\t<p class=\"elementor-heading-title elementor-size-default\">Seuran j\u00e4seneksi johtokunta voi harkintansa mukaan hyv\u00e4ksy\u00e4 henkil\u00f6n, joka sitoutuu noudattamaan seuran ja SML:n Lapin piiri ry:n, SKKL:n Lapin Kalamiespiirin, Suomen Mets\u00e4stysmuseoyhdistyksen ja Lapin Riistanhoitopiirin s\u00e4\u00e4nt\u00f6j\u00e4 ja p\u00e4\u00e4t\u00f6ksi\u00e4.<\/p>\t\t\t\t<\/div>\n\t\t\t\t\t<\/div>\n\t\t\t\t<\/div>\n\t\t\t\t<\/div>\n\t\t","protected":false},"excerpt":{"rendered":"<p>Vapaamuotoiset j\u00e4senhakemukset yhteistietoineen ja perusteineen (mill\u00e4 perusteella haetaan j\u00e4senyytt\u00e4) toimitetaan johtokunnalle. Seuran j\u00e4seneksi johtokunta voi harkintansa mukaan hyv\u00e4ksy\u00e4 henkil\u00f6n, joka sitoutuu noudattamaan seuran ja SML:n Lapin piiri ry:n, SKKL:n Lapin Kalamiespiirin, Suomen Mets\u00e4stysmuseoyhdistyksen ja Lapin Riistanhoitopiirin s\u00e4\u00e4nt\u00f6j\u00e4 ja p\u00e4\u00e4t\u00f6ksi\u00e4.<\/p>\n","protected":false},"author":2,"featured_media":0,"parent":0,"menu_order":0,"comment_status":"closed","ping_status":"closed","template":"","meta":{"_eb_attr":"","footnotes":""},"class_list":["post-23","page","type-page","status-publish","hentry"],"blocksy_meta":[],"publishpress_future_action":{"enabled":false,"date":"2026-05-18 12:16:29","action":"change-status","newStatus":"draft","terms":[],"taxonomy":"","extraData":[]},"publishpress_future_workflow_manual_trigger":{"enabledWorkflows":[]},"_links":{"self":[{"href":"https:\/\/kaylanmetsastysseura.fi\/index.php\/wp-json\/wp\/v2\/pages\/23","targetHints":{"allow":["GET"]}}],"collection":[{"href":"https:\/\/kaylanmetsastysseura.fi\/index.php\/wp-json\/wp\/v2\/pages"}],"about":[{"href":"https:\/\/kaylanmetsastysseura.fi\/index.php\/wp-json\/wp\/v2\/types\/page"}],"author":[{"embeddable":true,"href":"https:\/\/kaylanmetsastysseura.fi\/index.php\/wp-json\/wp\/v2\/users\/2"}],"replies":[{"embeddable":true,"href":"https:\/\/kaylanmetsastysseura.fi\/index.php\/wp-json\/wp\/v2\/comments?post=23"}],"version-history":[{"count":73,"href":"https:\/\/kaylanmetsastysseura.fi\/index.php\/wp-json\/wp\/v2\/pages\/23\/revisions"}],"predecessor-version":[{"id":551,"href":"https:\/\/kaylanmetsastysseura.fi\/index.php\/wp-json\/wp\/v2\/pages\/23\/revisions\/551"}],"wp:attachment":[{"href":"https:\/\/kaylanmetsastysseura.fi\/index.php\/wp-json\/wp\/v2\/media?parent=23"}],"curies":[{"name":"wp","href":"https:\/\/api.w.org\/{rel}","templated":true}]}}