{"id":13,"date":"2025-12-05T06:31:51","date_gmt":"2025-12-05T06:31:51","guid":{"rendered":"https:\/\/kaylanmetsastysseura.fi\/?page_id=13"},"modified":"2026-03-12T06:09:32","modified_gmt":"2026-03-12T06:09:32","slug":"maksut-luvat","status":"publish","type":"page","link":"https:\/\/kaylanmetsastysseura.fi\/index.php\/maksut-luvat\/","title":{"rendered":"Maksut &amp; Luvat"},"content":{"rendered":"\t\t<div data-elementor-type=\"wp-page\" data-elementor-id=\"13\" class=\"elementor elementor-13\">\n\t\t\t\t<div class=\"elementor-element elementor-element-4bc123d e-flex e-con-boxed wpr-particle-no wpr-jarallax-no wpr-parallax-no wpr-sticky-section-no elementor-invisible e-con e-parent\" data-id=\"4bc123d\" data-element_type=\"container\" data-e-type=\"container\" data-settings=\"{&quot;animation&quot;:&quot;fadeIn&quot;}\">\n\t\t\t\t\t<div class=\"e-con-inner\">\n\t\t\t\t<div class=\"elementor-element elementor-element-2898af4 elementor-widget elementor-widget-heading\" data-id=\"2898af4\" data-element_type=\"widget\" data-e-type=\"widget\" data-widget_type=\"heading.default\">\n\t\t\t\t\t<p class=\"elementor-heading-title elementor-size-default\"><b>Yleinen kokous on vahvistanut vuoden 2026 lupamaksut seuraavasti:<br><\/b><br>Lupamaksut suoritetaan ennen mets\u00e4styst\u00e4 seuran tilille FI82 5206 0940 0009 13 maksukuitti s\u00e4hk\u00f6isen\u00e4 tai paperilla mukana mets\u00e4stett\u00e4ess\u00e4. <br><br>\nPienpetojen mets\u00e4styksess\u00e4 voi seurueeseen kuulua enint\u00e4\u00e4n 5 vierasta, mets\u00e4stys j\u00e4senen mukana ja valvonnassa. Vieraille ei maksua.<br><br>\nTapporahat (seuran j\u00e4senille): kettu, supikoira ja n\u00e4\u00e4t\u00e4 25\u20ac\/kpl sek\u00e4 minkki 10\u20ac. Tapporaha vain yhdelt\u00e4 toimijalta.  <br><br>\nHirvenmets\u00e4stykseen p\u00e4\u00e4see vieras osallistumaan sopimuksen mukaan.<\/p>\t\t\t\t<\/div>\n\t\t\t\t\t<\/div>\n\t\t\t\t<\/div>\n\t\t<div class=\"elementor-element elementor-element-f98eb3e e-flex e-con-boxed wpr-particle-no wpr-jarallax-no wpr-parallax-no wpr-sticky-section-no elementor-invisible e-con e-parent\" data-id=\"f98eb3e\" data-element_type=\"container\" data-e-type=\"container\" data-settings=\"{&quot;animation&quot;:&quot;bounceInLeft&quot;}\">\n\t\t\t\t\t<div class=\"e-con-inner\">\n\t\t<div class=\"elementor-element elementor-element-2fc6b78 e-con-full e-flex wpr-particle-no wpr-jarallax-no wpr-parallax-no wpr-sticky-section-no e-con e-child\" data-id=\"2fc6b78\" data-element_type=\"container\" data-e-type=\"container\" data-settings=\"{&quot;background_background&quot;:&quot;classic&quot;}\">\n\t\t<div class=\"elementor-element elementor-element-a2b22e4 e-con-full e-flex wpr-particle-no wpr-jarallax-no wpr-parallax-no wpr-sticky-section-no e-con e-child\" data-id=\"a2b22e4\" data-element_type=\"container\" data-e-type=\"container\">\n\t\t\t\t<div class=\"elementor-element elementor-element-24ee7d5 elementor-widget elementor-widget-heading\" data-id=\"24ee7d5\" data-element_type=\"widget\" data-e-type=\"widget\" data-widget_type=\"heading.default\">\n\t\t\t\t\t<h3 class=\"elementor-heading-title elementor-size-default\">J\u00e4senmaksut ja Mets\u00e4stysluvat<\/h3>\t\t\t\t<\/div>\n\t\t\t\t<div class=\"elementor-element elementor-element-d6f94ca elementor-widget elementor-widget-heading\" data-id=\"d6f94ca\" data-element_type=\"widget\" data-e-type=\"widget\" data-widget_type=\"heading.default\">\n\t\t\t\t\t<p class=\"elementor-heading-title elementor-size-default\">\u2022J\u00e4senmaksu 20 \u20ac <br>\n\n\u2022Liittymismaksu 60 \u20ac <br>\n\n\u2022Kausilupa pienriistan mets\u00e4stykseen 2-10ha vuokrasopimuksen kaikelle riistalle tehneelle 1 kpl\/tila 40\u20ac. Anomus johtokunnalle. <br>\n\n\u2022Kausilupa pienriistan mets\u00e4stykseen kyl\u00e4ss\u00e4 asuva 70 \u20ac (max 10kpl). Anomus johtokunnalle. <br>\n\n\u2022Uusi j\u00e4sen hirviporukkaan 400\u20ac.<\/p>\t\t\t\t<\/div>\n\t\t\t\t<\/div>\n\t\t<div class=\"elementor-element elementor-element-9e88acd e-con-full e-flex wpr-particle-no wpr-jarallax-no wpr-parallax-no wpr-sticky-section-no e-con e-child\" data-id=\"9e88acd\" data-element_type=\"container\" data-e-type=\"container\">\n\t\t\t\t<div class=\"elementor-element elementor-element-15b930b elementor-widget elementor-widget-heading\" data-id=\"15b930b\" data-element_type=\"widget\" data-e-type=\"widget\" data-widget_type=\"heading.default\">\n\t\t\t\t\t<h3 class=\"elementor-heading-title elementor-size-default\">Vierasluvat<\/h3>\t\t\t\t<\/div>\n\t\t\t\t<div class=\"elementor-element elementor-element-fe7390e elementor-widget elementor-widget-heading\" data-id=\"fe7390e\" data-element_type=\"widget\" data-e-type=\"widget\" data-widget_type=\"heading.default\">\n\t\t\t\t\t<p class=\"elementor-heading-title elementor-size-default\">\u2022Pienriista 30 \u20ac\/pv, seuran j\u00e4senen mukana ja valvonnassa. Saalis j\u00e4senen kiinti\u00f6\u00f6n.<br>\n\n\u2022J\u00e4nis 10 \u20ac\/pv, 30 \u20ac\/3pv ja 60 \u20ac\/vko. Seuran j\u00e4senen mukana ja valvonnassa.<br>\n\n\u2022Majava 20 \u20ac\/pv seuran j\u00e4senen mukana ja valvonnassa.<br>\n\nKarhu 50 \u20ac\/vko. Seuran j\u00e4senen mukana ja valvonnassa.<\/p>\t\t\t\t<\/div>\n\t\t\t\t<\/div>\n\t\t\t\t<\/div>\n\t\t\t\t\t<\/div>\n\t\t\t\t<\/div>\n\t\t<div class=\"elementor-element elementor-element-c49f710 e-flex e-con-boxed wpr-particle-no wpr-jarallax-no wpr-parallax-no wpr-sticky-section-no elementor-invisible e-con e-parent\" data-id=\"c49f710\" data-element_type=\"container\" data-e-type=\"container\" data-settings=\"{&quot;animation&quot;:&quot;fadeIn&quot;}\">\n\t\t\t\t\t<div class=\"e-con-inner\">\n\t\t\t\t<div class=\"elementor-element elementor-element-1f99770 elementor-widget elementor-widget-heading\" data-id=\"1f99770\" data-element_type=\"widget\" data-e-type=\"widget\" data-widget_type=\"heading.default\">\n\t\t\t\t\t<p class=\"elementor-heading-title elementor-size-default\">Kausilupahakemukset johtokunnalle 16.8. menness\u00e4 johtokunta my\u00f6nt\u00e4\u00e4 max 10 kausilupaa pienriistan mets\u00e4stykseen kyl\u00e4l\u00e4isille.<br><br>\n\n2-10ha kaikelle mets\u00e4stykselle vuokranneille 1kpl\/vuokrasopimus. <br><br>\n\n17.8. j\u00e4lkeen voi puheenjohtajalta tiedustella j\u00e4ljell\u00e4 olevia kausilupia.<\/p>\t\t\t\t<\/div>\n\t\t\t\t\t<\/div>\n\t\t\t\t<\/div>\n\t\t\t\t<\/div>\n\t\t","protected":false},"excerpt":{"rendered":"<p>Yleinen kokous on vahvistanut vuoden 2026 lupamaksut seuraavasti:Lupamaksut suoritetaan ennen mets\u00e4styst\u00e4 seuran tilille FI82 5206 0940 0009 13 maksukuitti s\u00e4hk\u00f6isen\u00e4 tai paperilla mukana mets\u00e4stett\u00e4ess\u00e4. Pienpetojen mets\u00e4styksess\u00e4 voi seurueeseen kuulua enint\u00e4\u00e4n 5 vierasta, mets\u00e4stys j\u00e4senen mukana ja valvonnassa. Vieraille ei maksua. Tapporahat (seuran j\u00e4senille): kettu, supikoira ja n\u00e4\u00e4t\u00e4 25\u20ac\/kpl sek\u00e4 minkki 10\u20ac. Tapporaha vain yhdelt\u00e4 toimijalta. Hirvenmets\u00e4stykseen p\u00e4\u00e4see vieras osallistumaan sopimuksen mukaan. J\u00e4senmaksut ja Mets\u00e4stysluvat \u2022J\u00e4senmaksu 20 \u20ac \u2022Liittymismaksu 60 \u20ac \u2022Kausilupa pienriistan mets\u00e4stykseen 2-10ha vuokrasopimuksen kaikelle riistalle tehneelle 1 kpl\/tila 40\u20ac. Anomus johtokunnalle. \u2022Kausilupa pienriistan mets\u00e4stykseen kyl\u00e4ss\u00e4 asuva 70 \u20ac (max 10kpl). Anomus johtokunnalle. \u2022Uusi j\u00e4sen hirviporukkaan 400\u20ac. Vierasluvat \u2022Pienriista 30 \u20ac\/pv, seuran j\u00e4senen mukana ja valvonnassa. Saalis j\u00e4senen kiinti\u00f6\u00f6n. \u2022J\u00e4nis 10 \u20ac\/pv, 30 \u20ac\/3pv ja 60 \u20ac\/vko. Seuran j\u00e4senen mukana ja valvonnassa. \u2022Majava 20 \u20ac\/pv seuran j\u00e4senen mukana ja valvonnassa. Karhu 50 \u20ac\/vko. Seuran j\u00e4senen mukana ja valvonnassa. Kausilupahakemukset johtokunnalle 16.8. menness\u00e4 johtokunta my\u00f6nt\u00e4\u00e4 max 10 kausilupaa pienriistan mets\u00e4stykseen kyl\u00e4l\u00e4isille. 2-10ha kaikelle mets\u00e4stykselle vuokranneille 1kpl\/vuokrasopimus. 17.8. j\u00e4lkeen voi puheenjohtajalta tiedustella j\u00e4ljell\u00e4 olevia kausilupia.<\/p>\n","protected":false},"author":2,"featured_media":0,"parent":0,"menu_order":0,"comment_status":"closed","ping_status":"closed","template":"","meta":{"_eb_attr":"","footnotes":""},"class_list":["post-13","page","type-page","status-publish","hentry"],"blocksy_meta":[],"publishpress_future_action":{"enabled":false,"date":"2026-05-18 12:06:38","action":"change-status","newStatus":"draft","terms":[],"taxonomy":"","extraData":[]},"publishpress_future_workflow_manual_trigger":{"enabledWorkflows":[]},"_links":{"self":[{"href":"https:\/\/kaylanmetsastysseura.fi\/index.php\/wp-json\/wp\/v2\/pages\/13","targetHints":{"allow":["GET"]}}],"collection":[{"href":"https:\/\/kaylanmetsastysseura.fi\/index.php\/wp-json\/wp\/v2\/pages"}],"about":[{"href":"https:\/\/kaylanmetsastysseura.fi\/index.php\/wp-json\/wp\/v2\/types\/page"}],"author":[{"embeddable":true,"href":"https:\/\/kaylanmetsastysseura.fi\/index.php\/wp-json\/wp\/v2\/users\/2"}],"replies":[{"embeddable":true,"href":"https:\/\/kaylanmetsastysseura.fi\/index.php\/wp-json\/wp\/v2\/comments?post=13"}],"version-history":[{"count":53,"href":"https:\/\/kaylanmetsastysseura.fi\/index.php\/wp-json\/wp\/v2\/pages\/13\/revisions"}],"predecessor-version":[{"id":732,"href":"https:\/\/kaylanmetsastysseura.fi\/index.php\/wp-json\/wp\/v2\/pages\/13\/revisions\/732"}],"wp:attachment":[{"href":"https:\/\/kaylanmetsastysseura.fi\/index.php\/wp-json\/wp\/v2\/media?parent=13"}],"curies":[{"name":"wp","href":"https:\/\/api.w.org\/{rel}","templated":true}]}}